{"id":1234,"date":"2021-04-10T16:30:21","date_gmt":"2021-04-10T14:30:21","guid":{"rendered":"https:\/\/prademir.eu\/impressao\/"},"modified":"2022-08-06T00:09:49","modified_gmt":"2022-08-05T22:09:49","slug":"impressao","status":"publish","type":"page","link":"https:\/\/www.prademir.eu\/pt-pt\/impressao\/","title":{"rendered":"Impress\u00e3o"},"content":{"rendered":"[et_pb_section fb_built=&#8221;1&#8243; _builder_version=&#8221;4.9.3&#8243; _module_preset=&#8221;default&#8221; global_colors_info=&#8221;{}&#8221;][et_pb_row _builder_version=&#8221;4.9.3&#8243; _module_preset=&#8221;default&#8221; global_colors_info=&#8221;{}&#8221;][et_pb_column type=&#8221;4_4&#8243; _builder_version=&#8221;4.9.3&#8243; _module_preset=&#8221;default&#8221; global_colors_info=&#8221;{}&#8221;][et_pb_text _builder_version=&#8221;4.14.8&#8243; _module_preset=&#8221;default&#8221; hover_enabled=&#8221;0&#8243; global_colors_info=&#8221;{}&#8221; sticky_enabled=&#8221;0&#8243;]\n<h2>Impress\u00e3o<\/h2>\n<div><b>Informa\u00e7\u00e3o de acordo com \u00a7 5 TMG  <\/b><\/div>\n<div>Prademir Unipessoal LDA<br \/><span style=\"letter-spacing: 0px;\">Envio de sementes on-line<br \/><\/span><span style=\"letter-spacing: 0px;\">Rua da Praia N28<br \/><\/span><span style=\"letter-spacing: 0px;\">3070-723 Praia de Mira<br \/> <\/span><\/div>\n<div><b>Contacto:<\/b><br \/><span style=\"letter-spacing: 0px;\">Telefone: +4925889779797<br \/><\/span> <span style=\"letter-spacing: 0px;\">E-mail: <a href=\"mailto:info@prademir.de\">info@prademir.<\/a><\/span> <span style=\"letter-spacing: 0px;\"><a href=\"mailto:info@prademir.de\">UE<\/a><\/p>\n<p><\/span> <\/div>\n<div><span style=\"letter-spacing: 0px;\"><b>ID do IVA:  <\/b><\/span><\/div>\n<div><span style=\"letter-spacing: 0px;\">N\u00famero de identifica\u00e7\u00e3o do imposto de venda de acordo com \u00a7 27 uma lei do imposto sobre as vendas:<\/span><\/div>\n<div>PT516527070  <\/div>\n<div><b>Respons\u00e1vel pelo conte\u00fado de acordo com \u00a7 55 Abs. 2 RStV  <\/b><\/div>\n<div>Dietmar Luer<br \/><span style=\"letter-spacing: 0px;\">Rua do Oceano n\u00ba 22<br \/><\/span><span style=\"letter-spacing: 0px;\">3070-724 Praia de Mira<br \/> <\/span><\/div>\n<div><span style=\"letter-spacing: 0px;\"><b>Resolu\u00e7\u00e3o de lit\u00edgios da UE<\/b><\/span><\/div>\n<div>A Comiss\u00e3o Europeia fornece uma plataforma para a resolu\u00e7\u00e3o de lit\u00edgios em linha (ODR): https:\/\/ec.europa.eu\/consumers\/odr.<\/div>\n<div>O nosso endere\u00e7o de e-mail pode ser consultado acima.<\/div>\n<div>Resolu\u00e7\u00e3o de Lit\u00edgios de Consumo\/Conselho de Arbitragem Universal<\/div>\n<div>N\u00e3o estamos dispostos ou obrigados a participar em processos de resolu\u00e7\u00e3o de lit\u00edgios perante um conselho de arbitragem de consumidores.  <\/div>\n<div><b>Responsabilidade pelo conte\u00fado  <\/b><\/div>\n<div>Como prestador de servi\u00e7os, estamos de acordo com \u00a7 7 Abs.1 A TMG \u00e9 respons\u00e1vel pelo seu pr\u00f3prio conte\u00fado nestas p\u00e1ginas de acordo com as leis gerais. De acordo com \u00a7\u00a7 8 a 10 TMG, no entanto, n\u00f3s, como prestador de servi\u00e7os, n\u00e3o somos obrigados a monitorizar informa\u00e7\u00f5es transmitidas ou armazenadas de terceiros ou a investigar circunst\u00e2ncias que indiquem atividade ilegal.<\/div>\n<div>As obriga\u00e7\u00f5es de remover ou bloquear a utiliza\u00e7\u00e3o da informa\u00e7\u00e3o de acordo com as leis gerais n\u00e3o s\u00e3o afetadas por esta situa\u00e7\u00e3o. Todavia, a responsabilidade a este respeito s\u00f3 \u00e9 poss\u00edvel a partir do momento do conhecimento de uma infra\u00e7\u00e3o espec\u00edfica. Ao tomar conhecimento de tais viola\u00e7\u00f5es, removeremos este conte\u00fado imediatamente.  <\/div>\n<div><b>Responsabilidade por liga\u00e7\u00f5es  <\/b><\/div>\n<div>A nossa oferta cont\u00e9m links para sites externos de terceiros, em cujo conte\u00fado n\u00e3o temos qualquer influ\u00eancia. Por conseguinte, n\u00e3o podemos assumir qualquer responsabilidade por estes conte\u00fados de terceiros. O respetivo fornecedor ou operador das p\u00e1ginas \u00e9 sempre respons\u00e1vel pelo conte\u00fado das p\u00e1ginas ligadas. As p\u00e1ginas ligadas foram verificadas por poss\u00edveis viola\u00e7\u00f5es legais no momento da liga\u00e7\u00e3o. O conte\u00fado ilegal n\u00e3o era reconhec\u00edvel no momento da liga\u00e7\u00e3o.<\/div>\n<div>No entanto, um controlo permanente do conte\u00fado das p\u00e1ginas ligadas n\u00e3o \u00e9 razo\u00e1vel sem provas concretas de uma viola\u00e7\u00e3o da lei. Ao tomar conhecimento de viola\u00e7\u00f5es legais, removeremos imediatamente tais liga\u00e7\u00f5es.  <\/div>\n<div><b>Direitos autorais  <\/b><\/div>\n<div>Os conte\u00fados e obras criados pelos operadores do site nestas p\u00e1ginas est\u00e3o sujeitos \u00e0 lei alem\u00e3 de direitos de autor. A duplica\u00e7\u00e3o, processamento, distribui\u00e7\u00e3o e qualquer tipo de explora\u00e7\u00e3o fora dos limites dos direitos de autor requerem o consentimento escrito do respetivo autor ou criador. Os downloads e c\u00f3pias deste site s\u00f3 s\u00e3o permitidos para uso privado e n\u00e3o comercial.<\/div>\n<div>Na medida em que os conte\u00fados desta p\u00e1gina n\u00e3o foram criados pelo operador, os direitos de autor de terceiros s\u00e3o observados. Em particular, o conte\u00fado de terceiros \u00e9 marcado como tal. No entanto, caso tenha conhecimento de uma viola\u00e7\u00e3o de direitos de autor, solicitamos um aviso correspondente. Ao tomar conhecimento de viola\u00e7\u00f5es legais, removeremos imediatamente tais conte\u00fados.  <\/div>\n<div><b>Resolu\u00e7\u00e3o alternativa de lit\u00edgios nos termos do art. 14 para. 1 ODR-VO e \u00a7 36 VSBG:  <\/b><\/div>\n<div>A Comiss\u00e3o Europeia disponibiliza uma plataforma de resolu\u00e7\u00e3o online de lit\u00edgios (OS), que pode encontrar em https:\/\/ec.europa.eu\/consumers\/odr. N\u00e3o somos obrigados e n\u00e3o estamos dispostos a participar num processo de resolu\u00e7\u00e3o de lit\u00edgios perante um conselho de arbitragem de consumidores.<\/div>\n[\/et_pb_text][\/et_pb_column][\/et_pb_row][\/et_pb_section][et_pb_section fb_built=&#8221;1&#8243; prev_background_color=&#8221;#ffffff&#8221; admin_label=&#8221;Contact hero&#8221; _builder_version=&#8221;4.14.8&#8243; background_image=&#8221;https:\/\/www.prademir.eu\/wp-content\/uploads\/2022\/02\/prademir_footer.jpg&#8221; custom_margin=&#8221;||||false|false&#8221; custom_padding=&#8221;80px|0px|60px|0px|false|false&#8221; top_divider_style=&#8221;mountains2&#8243; top_divider_height=&#8221;34px&#8221; animation_style=&#8221;slide&#8221; animation_direction=&#8221;top&#8221; animation_intensity_slide=&#8221;2%&#8221; box_shadow_style=&#8221;preset7&#8243; box_shadow_horizontal=&#8221;0px&#8221; box_shadow_vertical=&#8221;-260px&#8221; box_shadow_color=&#8221;#ffffff&#8221; global_module=&#8221;309&#8243; saved_tabs=&#8221;all&#8221; locked=&#8221;off&#8221; global_colors_info=&#8221;{}&#8221;][et_pb_row column_structure=&#8221;2_3,1_3&#8243; use_custom_gutter=&#8221;on&#8221; gutter_width=&#8221;1&#8243; make_equal=&#8221;on&#8221; admin_label=&#8221;Informa\u00e7\u00e3o de Contato&#8221; _builder_version=&#8221;4.14.8&#8243; background_color=&#8221;#ffffff&#8221; width=&#8221;52%&#8221; width_tablet=&#8221;&#8221; width_phone=&#8221;77%&#8221; width_last_edited=&#8221;on|phone&#8221; max_width=&#8221;1040px&#8221; max_width_tablet=&#8221;&#8221; max_width_phone=&#8221;&#8221; max_width_last_edited=&#8221;on|desktop&#8221; custom_margin=&#8221;|418px|0px|auto|false|false&#8221; custom_padding=&#8221;0px|0px|0px|0px||&#8221; animation_style=&#8221;zoom&#8221; animation_intensity_zoom=&#8221;10%&#8221; animation_starting_opacity=&#8221;100%&#8221; box_shadow_style=&#8221;preset1&#8243; box_shadow_vertical=&#8221;10px&#8221; box_shadow_blur=&#8221;60px&#8221; box_shadow_color=&#8221;rgba(71,74,182,0.12)&#8221; global_colors_info=&#8221;{}&#8221;][et_pb_column type=&#8221;2_3&#8243; _builder_version=&#8221;4.14.8&#8243; custom_padding=&#8221;60px|40px|60px|40px&#8221; custom_padding_tablet=&#8221;&#8221; custom_padding_phone=&#8221;60px|17px|60px|17px|false|false&#8221; custom_padding_last_edited=&#8221;on|phone&#8221; global_colors_info=&#8221;{}&#8221; custom_padding__hover=&#8221;|||&#8221;][et_pb_text module_id=&#8221;kontakt&#8221; _builder_version=&#8221;4.14.8&#8243; _module_preset=&#8221;default&#8221; text_font=&#8221;Poppins||||||||&#8221; text_text_color=&#8221;#003147&#8243; text_font_size=&#8221;37px&#8221; text_line_height=&#8221;2em&#8221; header_2_font=&#8221;Poppins &#8211; Regular||||||||&#8221; header_2_text_color=&#8221;#25723a&#8221; header_2_font_size=&#8221;34px&#8221; header_2_line_height=&#8221;2em&#8221; width_tablet=&#8221;&#8221; width_phone=&#8221;100%&#8221; width_last_edited=&#8221;on|phone&#8221; max_width_tablet=&#8221;&#8221; max_width_phone=&#8221;100%&#8221; max_width_last_edited=&#8221;on|phone&#8221; custom_margin=&#8221;-49px||0px||false|false&#8221; custom_padding=&#8221;3px|||||&#8221; link_option_url=&#8221;#kontakt&#8221; global_colors_info=&#8221;{}&#8221;]\n<h2>Contacto<\/h2>\n[\/et_pb_text][et_pb_contact_form captcha=&#8221;off&#8221; email=&#8221;info@sv-lueftung.de&#8221; submit_button_text=&#8221;Despacho&#8221; module_id=&#8221;et_pb_contact_form_0&#8243; _builder_version=&#8221;4.13.1&#8243; _unique_id=&#8221;01026979-16fc-4774-92ce-9a692f1fab03&#8243; form_field_background_color=&#8221;rgba(0,0,0,0)&#8221; form_field_text_color=&#8221;rgba(114,114,255,0.61)&#8221; form_field_font_size=&#8221;16px&#8221; custom_button=&#8221;on&#8221; button_text_size=&#8221;14px&#8221; button_text_color=&#8221;#ffffff&#8221; button_bg_color=&#8221;#254254&#8243; button_border_width=&#8221;0px&#8221; button_border_color=&#8221;#7272ff&#8221; button_border_radius=&#8221;0px&#8221; button_letter_spacing=&#8221;1px&#8221; button_font=&#8221;Poppins|700||on|||||&#8221; button_use_icon=&#8221;off&#8221; border_width_all=&#8221;1px&#8221; border_color_all=&#8221;rgba(71,74,182,0.12)&#8221; border_style_all=&#8221;solid&#8221; box_shadow_style_button=&#8221;preset1&#8243; box_shadow_vertical_button=&#8221;10px&#8221; box_shadow_blur_button=&#8221;30px&#8221; box_shadow_color_button=&#8221;rgba(146,113,246,0.3)&#8221; use_border_color=&#8221;on&#8221; border_color=&#8221;rgba(71,74,182,0.12)&#8221; form_background_color=&#8221;rgba(0,0,0,0)&#8221; global_colors_info=&#8221;{}&#8221; button_letter_spacing_hover=&#8221;2px&#8221;][et_pb_contact_field field_id=&#8221;Vorname&#8221; field_title=&#8221;Nome de nome&#8221; _builder_version=&#8221;4.9.0&#8243; form_field_text_color=&#8221;#afafaf&#8221; global_colors_info=&#8221;{}&#8221; button_text_size__hover_enabled=&#8221;off&#8221; button_one_text_size__hover_enabled=&#8221;off&#8221; button_two_text_size__hover_enabled=&#8221;off&#8221; button_text_color__hover_enabled=&#8221;off&#8221; button_one_text_color__hover_enabled=&#8221;off&#8221; button_two_text_color__hover_enabled=&#8221;off&#8221; button_border_width__hover_enabled=&#8221;off&#8221; button_one_border_width__hover_enabled=&#8221;off&#8221; button_two_border_width__hover_enabled=&#8221;off&#8221; button_border_color__hover_enabled=&#8221;off&#8221; button_one_border_color__hover_enabled=&#8221;off&#8221; button_two_border_color__hover_enabled=&#8221;off&#8221; button_border_radius__hover_enabled=&#8221;off&#8221; button_one_border_radius__hover_enabled=&#8221;off&#8221; button_two_border_radius__hover_enabled=&#8221;off&#8221; button_letter_spacing__hover_enabled=&#8221;off&#8221; button_one_letter_spacing__hover_enabled=&#8221;off&#8221; button_two_letter_spacing__hover_enabled=&#8221;off&#8221; button_bg_color__hover_enabled=&#8221;off&#8221; button_one_bg_color__hover_enabled=&#8221;off&#8221; button_two_bg_color__hover_enabled=&#8221;off&#8221;][\/et_pb_contact_field][et_pb_contact_field field_id=&#8221;Nachname&#8221; field_title=&#8221;Sobrenome&#8221; _builder_version=&#8221;4.9.0&#8243; form_field_text_color=&#8221;#afafaf&#8221; global_colors_info=&#8221;{}&#8221; button_text_size__hover_enabled=&#8221;off&#8221; button_one_text_size__hover_enabled=&#8221;off&#8221; button_two_text_size__hover_enabled=&#8221;off&#8221; button_text_color__hover_enabled=&#8221;off&#8221; button_one_text_color__hover_enabled=&#8221;off&#8221; button_two_text_color__hover_enabled=&#8221;off&#8221; button_border_width__hover_enabled=&#8221;off&#8221; button_one_border_width__hover_enabled=&#8221;off&#8221; button_two_border_width__hover_enabled=&#8221;off&#8221; button_border_color__hover_enabled=&#8221;off&#8221; button_one_border_color__hover_enabled=&#8221;off&#8221; button_two_border_color__hover_enabled=&#8221;off&#8221; button_border_radius__hover_enabled=&#8221;off&#8221; button_one_border_radius__hover_enabled=&#8221;off&#8221; button_two_border_radius__hover_enabled=&#8221;off&#8221; button_letter_spacing__hover_enabled=&#8221;off&#8221; button_one_letter_spacing__hover_enabled=&#8221;off&#8221; button_two_letter_spacing__hover_enabled=&#8221;off&#8221; button_bg_color__hover_enabled=&#8221;off&#8221; button_one_bg_color__hover_enabled=&#8221;off&#8221; button_two_bg_color__hover_enabled=&#8221;off&#8221;][\/et_pb_contact_field][et_pb_contact_field field_id=&#8221;E-Mail&#8221; field_title=&#8221;Email&#8221; field_type=&#8221;email&#8221; _builder_version=&#8221;4.9.0&#8243; form_field_text_color=&#8221;#afafaf&#8221; global_colors_info=&#8221;{}&#8221; button_text_size__hover_enabled=&#8221;off&#8221; button_one_text_size__hover_enabled=&#8221;off&#8221; button_two_text_size__hover_enabled=&#8221;off&#8221; button_text_color__hover_enabled=&#8221;off&#8221; button_one_text_color__hover_enabled=&#8221;off&#8221; button_two_text_color__hover_enabled=&#8221;off&#8221; button_border_width__hover_enabled=&#8221;off&#8221; button_one_border_width__hover_enabled=&#8221;off&#8221; button_two_border_width__hover_enabled=&#8221;off&#8221; button_border_color__hover_enabled=&#8221;off&#8221; button_one_border_color__hover_enabled=&#8221;off&#8221; button_two_border_color__hover_enabled=&#8221;off&#8221; button_border_radius__hover_enabled=&#8221;off&#8221; button_one_border_radius__hover_enabled=&#8221;off&#8221; button_two_border_radius__hover_enabled=&#8221;off&#8221; button_letter_spacing__hover_enabled=&#8221;off&#8221; button_one_letter_spacing__hover_enabled=&#8221;off&#8221; button_two_letter_spacing__hover_enabled=&#8221;off&#8221; button_bg_color__hover_enabled=&#8221;off&#8221; button_one_bg_color__hover_enabled=&#8221;off&#8221; button_two_bg_color__hover_enabled=&#8221;off&#8221;][\/et_pb_contact_field][et_pb_contact_field field_id=&#8221;Telefon&#8221; field_title=&#8221;Telefone&#8221; _builder_version=&#8221;4.9.4&#8243; form_field_text_color=&#8221;#afafaf&#8221; global_colors_info=&#8221;{}&#8221; button_text_size__hover_enabled=&#8221;off&#8221; button_one_text_size__hover_enabled=&#8221;off&#8221; button_two_text_size__hover_enabled=&#8221;off&#8221; button_text_color__hover_enabled=&#8221;off&#8221; button_one_text_color__hover_enabled=&#8221;off&#8221; button_two_text_color__hover_enabled=&#8221;off&#8221; button_border_width__hover_enabled=&#8221;off&#8221; button_one_border_width__hover_enabled=&#8221;off&#8221; button_two_border_width__hover_enabled=&#8221;off&#8221; button_border_color__hover_enabled=&#8221;off&#8221; button_one_border_color__hover_enabled=&#8221;off&#8221; button_two_border_color__hover_enabled=&#8221;off&#8221; button_border_radius__hover_enabled=&#8221;off&#8221; button_one_border_radius__hover_enabled=&#8221;off&#8221; button_two_border_radius__hover_enabled=&#8221;off&#8221; button_letter_spacing__hover_enabled=&#8221;off&#8221; button_one_letter_spacing__hover_enabled=&#8221;off&#8221; button_two_letter_spacing__hover_enabled=&#8221;off&#8221; button_bg_color__hover_enabled=&#8221;off&#8221; button_one_bg_color__hover_enabled=&#8221;off&#8221; button_two_bg_color__hover_enabled=&#8221;off&#8221;][\/et_pb_contact_field][et_pb_contact_field field_id=&#8221;Firmenname&#8221; field_title=&#8221;Nome da empresa&#8221; required_mark=&#8221;off&#8221; fullwidth_field=&#8221;on&#8221; _builder_version=&#8221;4.9.0&#8243; form_field_text_color=&#8221;#afafaf&#8221; global_colors_info=&#8221;{}&#8221; button_text_size__hover_enabled=&#8221;off&#8221; button_one_text_size__hover_enabled=&#8221;off&#8221; button_two_text_size__hover_enabled=&#8221;off&#8221; button_text_color__hover_enabled=&#8221;off&#8221; button_one_text_color__hover_enabled=&#8221;off&#8221; button_two_text_color__hover_enabled=&#8221;off&#8221; button_border_width__hover_enabled=&#8221;off&#8221; button_one_border_width__hover_enabled=&#8221;off&#8221; button_two_border_width__hover_enabled=&#8221;off&#8221; button_border_color__hover_enabled=&#8221;off&#8221; button_one_border_color__hover_enabled=&#8221;off&#8221; button_two_border_color__hover_enabled=&#8221;off&#8221; button_border_radius__hover_enabled=&#8221;off&#8221; button_one_border_radius__hover_enabled=&#8221;off&#8221; button_two_border_radius__hover_enabled=&#8221;off&#8221; button_letter_spacing__hover_enabled=&#8221;off&#8221; button_one_letter_spacing__hover_enabled=&#8221;off&#8221; button_two_letter_spacing__hover_enabled=&#8221;off&#8221; button_bg_color__hover_enabled=&#8221;off&#8221; button_one_bg_color__hover_enabled=&#8221;off&#8221; button_two_bg_color__hover_enabled=&#8221;off&#8221;][\/et_pb_contact_field][et_pb_contact_field field_id=&#8221;Nachricht&#8221; field_title=&#8221;Mensagem&#8221; field_type=&#8221;text&#8221; fullwidth_field=&#8221;on&#8221; _builder_version=&#8221;4.9.0&#8243; form_field_text_color=&#8221;#afafaf&#8221; min_height=&#8221;1000px&#8221; height=&#8221;206px&#8221; global_colors_info=&#8221;{}&#8221; button_text_size__hover_enabled=&#8221;off&#8221; button_one_text_size__hover_enabled=&#8221;off&#8221; button_two_text_size__hover_enabled=&#8221;off&#8221; button_text_color__hover_enabled=&#8221;off&#8221; button_one_text_color__hover_enabled=&#8221;off&#8221; button_two_text_color__hover_enabled=&#8221;off&#8221; button_border_width__hover_enabled=&#8221;off&#8221; button_one_border_width__hover_enabled=&#8221;off&#8221; button_two_border_width__hover_enabled=&#8221;off&#8221; button_border_color__hover_enabled=&#8221;off&#8221; button_one_border_color__hover_enabled=&#8221;off&#8221; button_two_border_color__hover_enabled=&#8221;off&#8221; button_border_radius__hover_enabled=&#8221;off&#8221; button_one_border_radius__hover_enabled=&#8221;off&#8221; button_two_border_radius__hover_enabled=&#8221;off&#8221; button_letter_spacing__hover_enabled=&#8221;off&#8221; button_one_letter_spacing__hover_enabled=&#8221;off&#8221; button_two_letter_spacing__hover_enabled=&#8221;off&#8221; button_bg_color__hover_enabled=&#8221;off&#8221; button_one_bg_color__hover_enabled=&#8221;off&#8221; button_two_bg_color__hover_enabled=&#8221;off&#8221;][\/et_pb_contact_field][\/et_pb_contact_form][\/et_pb_column][et_pb_column type=&#8221;1_3&#8243; _builder_version=&#8221;4.14.8&#8243; background_color=&#8221;#25723a&#8221; custom_padding=&#8221;60px|40px|60px|40px&#8221; global_colors_info=&#8221;{}&#8221; custom_padding__hover=&#8221;|||&#8221;][et_pb_text _builder_version=&#8221;4.14.8&#8243; text_font=&#8221;||||||||&#8221; header_font=&#8221;||||||||&#8221; header_2_font=&#8221;|700|||||||&#8221; header_2_font_size=&#8221;36px&#8221; header_2_line_height=&#8221;1.3em&#8221; background_layout=&#8221;dark&#8221; custom_margin=&#8221;-35px||20px||false|false&#8221; animation_style=&#8221;slide&#8221; animation_direction=&#8221;bottom&#8221; animation_intensity_slide=&#8221;10%&#8221; locked=&#8221;off&#8221; global_colors_info=&#8221;{}&#8221; header_font_size__hover=&#8221;30px&#8221; header_font_size__hover_enabled=&#8221;30px&#8221; header_letter_spacing__hover=&#8221;0px&#8221; header_letter_spacing__hover_enabled=&#8221;0px&#8221; header_text_shadow_style__hover=&#8221;none&#8221; header_text_shadow_style__hover_enabled=&#8221;none&#8221; header_text_shadow_color__hover=&#8221;rgba(0,0,0,0.4)&#8221; header_text_shadow_color__hover_enabled=&#8221;rgba(0,0,0,0.4)&#8221;]\n<h2>Informa\u00e7\u00e3o<\/h2>\n[\/et_pb_text][dsm_icon_list list_space_between=&#8221;7px&#8221; list_padding=&#8221;||8px||false|false&#8221; text_indent=&#8221;17px&#8221; _builder_version=&#8221;4.14.8&#8243; _module_preset=&#8221;default&#8221; text_font=&#8221;Poppins &#8211; Light|300|||||||&#8221; text_text_color=&#8221;#FFFFFF&#8221; text_font_size=&#8221;16px&#8221; text_line_height=&#8221;1.3em&#8221; border_width_bottom_list_item=&#8221;1px&#8221; border_color_bottom_list_item=&#8221;rgba(255,255,255,0.26)&#8221; global_colors_info=&#8221;{}&#8221;][dsm_icon_list_child text=&#8221;3070-723 Praia de Mira&#8221; font_icon=&#8221;&#xe009;||divi||400&#8243; icon_color=&#8221;#FFFFFF&#8221; icon_font_size=&#8221;24px&#8221; _builder_version=&#8221;4.14.8&#8243; _module_preset=&#8221;default&#8221; text_font=&#8221;|300|||||||&#8221; global_colors_info=&#8221;{}&#8221;][\/dsm_icon_list_child][dsm_icon_list_child text=&#8221;02588 9779797&#8243; font_icon=&#8221;&#xe090;||divi||400&#8243; icon_color=&#8221;#FFFFFF&#8221; icon_font_size=&#8221;24px&#8221; url=&#8221;tel:+4925889779797&#8243; _builder_version=&#8221;4.14.8&#8243; _module_preset=&#8221;default&#8221; text_font=&#8221;|300|||||||&#8221; global_colors_info=&#8221;{}&#8221;][\/dsm_icon_list_child][dsm_icon_list_child text=&#8221;info@prademir.com&#8221; font_icon=&#8221;&#xe010;||divi||400&#8243; icon_color=&#8221;#FFFFFF&#8221; icon_font_size=&#8221;24px&#8221; url=&#8221;mailto:info@prademir.eu&#8221; _builder_version=&#8221;4.14.8&#8243; _module_preset=&#8221;default&#8221; text_font=&#8221;|300|||||||&#8221; text_letter_spacing=&#8221;1px&#8221; global_colors_info=&#8221;{}&#8221;][\/dsm_icon_list_child][\/dsm_icon_list][et_pb_image src=&#8221;https:\/\/www.prademir.eu\/wp-content\/uploads\/2022\/02\/qr-code5.png&#8221; title_text=&#8221;c\u00f3digo qr(5)&#8221; align=&#8221;center&#8221; disabled_on=&#8221;on|off|off&#8221; _builder_version=&#8221;4.14.8&#8243; _module_preset=&#8221;default&#8221; width=&#8221;87%&#8221; custom_padding=&#8221;50px||||false|false&#8221; global_colors_info=&#8221;{}&#8221;][\/et_pb_image][\/et_pb_column][\/et_pb_row][\/et_pb_section]\n","protected":false},"excerpt":{"rendered":"<p>Impress\u00e3o Informa\u00e7\u00e3o de acordo com \u00a7 5 TMG Prademir Unipessoal LDAEnvio de sementes on-lineRua da Praia N283070-723 Praia de Mira Contacto:Telefone: +4925889779797 E-mail: info@prademir. UE ID do IVA: N\u00famero de identifica\u00e7\u00e3o do imposto de venda de acordo com \u00a7 27 uma lei do imposto sobre as vendas: PT516527070 Respons\u00e1vel pelo conte\u00fado de acordo com \u00a7 [&hellip;]<\/p>\n","protected":false},"author":1,"featured_media":0,"parent":0,"menu_order":0,"comment_status":"closed","ping_status":"closed","template":"","meta":{"_et_pb_use_builder":"on","_et_pb_old_content":"","_et_gb_content_width":"","footnotes":""},"class_list":["post-1234","page","type-page","status-publish","hentry"],"_links":{"self":[{"href":"https:\/\/www.prademir.eu\/pt-pt\/wp-json\/wp\/v2\/pages\/1234","targetHints":{"allow":["GET"]}}],"collection":[{"href":"https:\/\/www.prademir.eu\/pt-pt\/wp-json\/wp\/v2\/pages"}],"about":[{"href":"https:\/\/www.prademir.eu\/pt-pt\/wp-json\/wp\/v2\/types\/page"}],"author":[{"embeddable":true,"href":"https:\/\/www.prademir.eu\/pt-pt\/wp-json\/wp\/v2\/users\/1"}],"replies":[{"embeddable":true,"href":"https:\/\/www.prademir.eu\/pt-pt\/wp-json\/wp\/v2\/comments?post=1234"}],"version-history":[{"count":24,"href":"https:\/\/www.prademir.eu\/pt-pt\/wp-json\/wp\/v2\/pages\/1234\/revisions"}],"predecessor-version":[{"id":1914,"href":"https:\/\/www.prademir.eu\/pt-pt\/wp-json\/wp\/v2\/pages\/1234\/revisions\/1914"}],"wp:attachment":[{"href":"https:\/\/www.prademir.eu\/pt-pt\/wp-json\/wp\/v2\/media?parent=1234"}],"curies":[{"name":"wp","href":"https:\/\/api.w.org\/{rel}","templated":true}]}}